{"id":4955,"date":"2025-07-17T12:37:11","date_gmt":"2025-07-17T12:37:11","guid":{"rendered":"https:\/\/gorillabox-shop.com\/?post_type=product&#038;p=4955"},"modified":"2025-09-03T11:38:20","modified_gmt":"2025-09-03T11:38:20","slug":"square-stickers-labels-75-x-75-mm","status":"publish","type":"product","link":"https:\/\/gorillabox-shop.com\/es\/product\/square-stickers-labels-75-x-75-mm\/","title":{"rendered":"Pegatinas cuadradas 75 x 75 mm &#8211; Paquete de 250 unidades"},"content":{"rendered":"<h1 data-start=\"2465\" data-end=\"2513\">Pegatinas cuadradas &#8211; 75 x 75 mm<\/h1>\n<p>&nbsp;<\/p>\n<h2 data-start=\"639\" data-end=\"707\"><strong data-start=\"639\" data-end=\"705\">Pegatinas de vinilo personalizadas \u2013 para packaging y branding<\/strong><\/h2>\n<p>&nbsp;<\/p>\n<p data-start=\"709\" data-end=\"836\">Nuestras <strong data-start=\"718\" data-end=\"757\">pegatinas de vinilo de alta calidad<\/strong> ayudan a que tus productos luzcan mejor y destaquen frente a la competencia.<\/p>\n<p data-start=\"838\" data-end=\"1139\">Funcionan a la perfecci\u00f3n en <strong data-start=\"867\" data-end=\"924\">envases de comida, recipientes o cualquier superficie<\/strong> donde quieras a\u00f1adir tu logotipo, informaci\u00f3n o un dise\u00f1o llamativo. Disponemos de tama\u00f1os est\u00e1ndar y, si necesitas una forma especial, tambi\u00e9n creamos <strong data-start=\"1077\" data-end=\"1114\">pegatinas personalizadas a medida<\/strong> seg\u00fan tus necesidades.<\/p>\n<p data-start=\"1141\" data-end=\"1292\">Duraderas y con acabado brillante, nuestras pegatinas transmiten <strong data-start=\"1206\" data-end=\"1234\">profesionalidad y estilo<\/strong>, haciendo que tu marca sea <strong data-start=\"1262\" data-end=\"1289\">m\u00e1s visible y memorable<\/strong>.<\/p>\n<h3 data-start=\"1294\" data-end=\"1332\">\u2705 Ventajas de nuestras pegatinas<\/h3>\n<ul data-start=\"1333\" data-end=\"1613\">\n<li data-start=\"1333\" data-end=\"1382\">\n<p data-start=\"1335\" data-end=\"1382\">Vinilo de alta calidad, resistente y duradero<\/p>\n<\/li>\n<li data-start=\"1383\" data-end=\"1430\">\n<p data-start=\"1385\" data-end=\"1430\">Acabado brillante para un aspecto atractivo<\/p>\n<\/li>\n<li data-start=\"1431\" data-end=\"1486\">\n<p data-start=\"1433\" data-end=\"1486\">Personalizaci\u00f3n total con tu logo, colores y dise\u00f1o<\/p>\n<\/li>\n<li data-start=\"1487\" data-end=\"1543\">\n<p data-start=\"1489\" data-end=\"1543\">Tama\u00f1os est\u00e1ndar o formas personalizadas bajo pedido<\/p>\n<\/li>\n<li data-start=\"1544\" data-end=\"1613\">\n<p data-start=\"1546\" data-end=\"1613\">Perfectas para packaging de alimentos, bebidas y productos retail<\/p>\n<\/li>\n<\/ul>\n","protected":false},"excerpt":{"rendered":"<h3 data-start=\"149\" data-end=\"595\"><span style=\"color: #0000ff;\">Desde 0,13\u20ac\/Unidad<\/span><\/h3>\n","protected":false},"featured_media":5650,"template":"","meta":{"_monsterinsights_skip_tracking":false,"_monsterinsights_sitenote_active":false,"_monsterinsights_sitenote_note":"","_monsterinsights_sitenote_category":0,"site-sidebar-layout":"default","site-content-layout":"","ast-site-content-layout":"default","site-content-style":"default","site-sidebar-style":"default","ast-global-header-display":"","ast-banner-title-visibility":"","ast-main-header-display":"","ast-hfb-above-header-display":"","ast-hfb-below-header-display":"","ast-hfb-mobile-header-display":"","site-post-title":"","ast-breadcrumbs-content":"","ast-featured-img":"","footer-sml-layout":"","theme-transparent-header-meta":"default","adv-header-id-meta":"","stick-header-meta":"","header-above-stick-meta":"","header-main-stick-meta":"","header-below-stick-meta":"","astra-migrate-meta-layouts":"set","ast-page-background-enabled":"default","ast-page-background-meta":{"desktop":{"background-color":"var(--ast-global-color-4)","background-image":"","background-repeat":"repeat","background-position":"center center","background-size":"auto","background-attachment":"scroll","background-type":"","background-media":"","overlay-type":"","overlay-color":"","overlay-opacity":"","overlay-gradient":""},"tablet":{"background-color":"","background-image":"","background-repeat":"repeat","background-position":"center center","background-size":"auto","background-attachment":"scroll","background-type":"","background-media":"","overlay-type":"","overlay-color":"","overlay-opacity":"","overlay-gradient":""},"mobile":{"background-color":"","background-image":"","background-repeat":"repeat","background-position":"center center","background-size":"auto","background-attachment":"scroll","background-type":"","background-media":"","overlay-type":"","overlay-color":"","overlay-opacity":"","overlay-gradient":""}},"ast-content-background-meta":{"desktop":{"background-color":"var(--ast-global-color-5)","background-image":"","background-repeat":"repeat","background-position":"center center","background-size":"auto","background-attachment":"scroll","background-type":"","background-media":"","overlay-type":"","overlay-color":"","overlay-opacity":"","overlay-gradient":""},"tablet":{"background-color":"var(--ast-global-color-5)","background-image":"","background-repeat":"repeat","background-position":"center center","background-size":"auto","background-attachment":"scroll","background-type":"","background-media":"","overlay-type":"","overlay-color":"","overlay-opacity":"","overlay-gradient":""},"mobile":{"background-color":"var(--ast-global-color-5)","background-image":"","background-repeat":"repeat","background-position":"center center","background-size":"auto","background-attachment":"scroll","background-type":"","background-media":"","overlay-type":"","overlay-color":"","overlay-opacity":"","overlay-gradient":""}}},"product_brand":[],"product_cat":[77,79],"product_tag":[101,100],"class_list":{"0":"post-4955","1":"product","2":"type-product","3":"status-publish","4":"has-post-thumbnail","6":"product_cat-articulos-personalizables","7":"product_cat-pegatinas-vinilo","8":"product_tag-etiquetas-2","9":"product_tag-pegatina","10":"desktop-align-left","11":"tablet-align-left","12":"mobile-align-left","13":"fpd-variation-needed","15":"first","16":"instock","17":"taxable","18":"shipping-taxable","19":"purchasable","20":"product-type-simple"},"_links":{"self":[{"href":"https:\/\/gorillabox-shop.com\/es\/wp-json\/wp\/v2\/product\/4955","targetHints":{"allow":["GET"]}}],"collection":[{"href":"https:\/\/gorillabox-shop.com\/es\/wp-json\/wp\/v2\/product"}],"about":[{"href":"https:\/\/gorillabox-shop.com\/es\/wp-json\/wp\/v2\/types\/product"}],"wp:featuredmedia":[{"embeddable":true,"href":"https:\/\/gorillabox-shop.com\/es\/wp-json\/wp\/v2\/media\/5650"}],"wp:attachment":[{"href":"https:\/\/gorillabox-shop.com\/es\/wp-json\/wp\/v2\/media?parent=4955"}],"wp:term":[{"taxonomy":"product_brand","embeddable":true,"href":"https:\/\/gorillabox-shop.com\/es\/wp-json\/wp\/v2\/product_brand?post=4955"},{"taxonomy":"product_cat","embeddable":true,"href":"https:\/\/gorillabox-shop.com\/es\/wp-json\/wp\/v2\/product_cat?post=4955"},{"taxonomy":"product_tag","embeddable":true,"href":"https:\/\/gorillabox-shop.com\/es\/wp-json\/wp\/v2\/product_tag?post=4955"}],"curies":[{"name":"wp","href":"https:\/\/api.w.org\/{rel}","templated":true}]}}