{"id":6186,"date":"2025-08-21T11:25:49","date_gmt":"2025-08-21T11:25:49","guid":{"rendered":"https:\/\/gorillabox-shop.com\/?post_type=product&#038;p=6186"},"modified":"2025-09-05T10:15:05","modified_gmt":"2025-09-05T10:15:05","slug":"paper-bowl-500ml-pack-of-1800-pcs","status":"publish","type":"product","link":"https:\/\/gorillabox-shop.com\/es\/product\/paper-bowl-500ml-pack-of-1800-pcs\/","title":{"rendered":"Cuenco de papel 500 ml &#8211; Paquete de 1800 unidades"},"content":{"rendered":"<h1 data-start=\"659\" data-end=\"731\"><strong data-start=\"659\" data-end=\"729\">Boles de comida ecol\u00f3gicos para take away y servicio en hosteler\u00eda<\/strong><\/h1>\n<p>&nbsp;<\/p>\n<p data-start=\"733\" data-end=\"1041\">Nuestros <strong data-start=\"742\" data-end=\"784\">boles de papel y cart\u00f3n para alimentos<\/strong> son la soluci\u00f3n perfecta para <strong data-start=\"815\" data-end=\"886\">restaurantes, cafeter\u00edas, catering y negocios de comida para llevar<\/strong>. Fabricados con materiales resistentes y aptos para uso alimentario, son ideales para <strong data-start=\"973\" data-end=\"1038\">ensaladas, pasta, poke bowls, arroz, noodles, sopas o postres<\/strong>.<\/p>\n<p data-start=\"1043\" data-end=\"1348\">Dise\u00f1ados para <strong data-start=\"1058\" data-end=\"1087\">comidas fr\u00edas y calientes<\/strong>, estos boles son <strong data-start=\"1105\" data-end=\"1154\">antifugas, apilables y f\u00e1ciles de transportar<\/strong>. Combinados con sus <strong data-start=\"1175\" data-end=\"1192\">tapas a juego<\/strong>, garantizan un <strong data-start=\"1208\" data-end=\"1237\">envase seguro y herm\u00e9tico<\/strong>, manteniendo la frescura y evitando derrames: perfectos para <strong data-start=\"1299\" data-end=\"1345\">delivery y servicios de comida para llevar<\/strong>.<\/p>\n<p data-start=\"1350\" data-end=\"1655\">Disponibles en varios tama\u00f1os, son una opci\u00f3n pr\u00e1ctica para <strong data-start=\"1410\" data-end=\"1433\">control de raciones<\/strong>, <strong data-start=\"1435\" data-end=\"1470\">packaging de comida para llevar<\/strong> y <strong data-start=\"1473\" data-end=\"1496\">catering en eventos<\/strong>. Para negocios que buscan reducir su huella ambiental, ofrecemos tambi\u00e9n <strong data-start=\"1570\" data-end=\"1605\">boles ecol\u00f3gicos biodegradables<\/strong>, que combinan <strong data-start=\"1620\" data-end=\"1652\">sostenibilidad y rendimiento<\/strong>.<\/p>\n<h3 data-start=\"1657\" data-end=\"1685\">\u2705 Ventajas principales<\/h3>\n<ul data-start=\"1686\" data-end=\"1832\">\n<li data-start=\"1686\" data-end=\"1713\">\n<p data-start=\"1688\" data-end=\"1713\">Resistentes y antifugas<\/p>\n<\/li>\n<li data-start=\"1714\" data-end=\"1754\">\n<p data-start=\"1716\" data-end=\"1754\">Aptos para comidas fr\u00edas y calientes<\/p>\n<\/li>\n<li data-start=\"1755\" data-end=\"1791\">\n<p data-start=\"1757\" data-end=\"1791\">Disponibles en m\u00faltiples tama\u00f1os<\/p>\n<\/li>\n<li data-start=\"1792\" data-end=\"1832\">\n<p data-start=\"1794\" data-end=\"1832\">Opciones ecol\u00f3gicas y biodegradables<\/p>\n<\/li>\n<\/ul>\n","protected":false},"excerpt":{"rendered":"<h3 data-start=\"149\" data-end=\"595\"><span style=\"color: #0000ff;\">Desde 0,341\u20ac\/<\/span><span style=\"color: #0000ff;\">Unidad<\/span><\/h3>\n","protected":false},"featured_media":6184,"template":"","meta":{"_monsterinsights_skip_tracking":false,"_monsterinsights_sitenote_active":false,"_monsterinsights_sitenote_note":"","_monsterinsights_sitenote_category":0,"site-sidebar-layout":"default","site-content-layout":"","ast-site-content-layout":"default","site-content-style":"default","site-sidebar-style":"default","ast-global-header-display":"","ast-banner-title-visibility":"","ast-main-header-display":"","ast-hfb-above-header-display":"","ast-hfb-below-header-display":"","ast-hfb-mobile-header-display":"","site-post-title":"","ast-breadcrumbs-content":"","ast-featured-img":"","footer-sml-layout":"","theme-transparent-header-meta":"default","adv-header-id-meta":"","stick-header-meta":"","header-above-stick-meta":"","header-main-stick-meta":"","header-below-stick-meta":"","astra-migrate-meta-layouts":"set","ast-page-background-enabled":"default","ast-page-background-meta":{"desktop":{"background-color":"var(--ast-global-color-4)","background-image":"","background-repeat":"repeat","background-position":"center center","background-size":"auto","background-attachment":"scroll","background-type":"","background-media":"","overlay-type":"","overlay-color":"","overlay-opacity":"","overlay-gradient":""},"tablet":{"background-color":"","background-image":"","background-repeat":"repeat","background-position":"center center","background-size":"auto","background-attachment":"scroll","background-type":"","background-media":"","overlay-type":"","overlay-color":"","overlay-opacity":"","overlay-gradient":""},"mobile":{"background-color":"","background-image":"","background-repeat":"repeat","background-position":"center center","background-size":"auto","background-attachment":"scroll","background-type":"","background-media":"","overlay-type":"","overlay-color":"","overlay-opacity":"","overlay-gradient":""}},"ast-content-background-meta":{"desktop":{"background-color":"var(--ast-global-color-5)","background-image":"","background-repeat":"repeat","background-position":"center center","background-size":"auto","background-attachment":"scroll","background-type":"","background-media":"","overlay-type":"","overlay-color":"","overlay-opacity":"","overlay-gradient":""},"tablet":{"background-color":"var(--ast-global-color-5)","background-image":"","background-repeat":"repeat","background-position":"center center","background-size":"auto","background-attachment":"scroll","background-type":"","background-media":"","overlay-type":"","overlay-color":"","overlay-opacity":"","overlay-gradient":""},"mobile":{"background-color":"var(--ast-global-color-5)","background-image":"","background-repeat":"repeat","background-position":"center center","background-size":"auto","background-attachment":"scroll","background-type":"","background-media":"","overlay-type":"","overlay-color":"","overlay-opacity":"","overlay-gradient":""}}},"product_brand":[],"product_cat":[77,65,64],"product_tag":[],"class_list":{"0":"post-6186","1":"product","2":"type-product","3":"status-publish","4":"has-post-thumbnail","6":"product_cat-articulos-personalizables","7":"product_cat-food-packaging","8":"product_cat-vasos-papel","9":"desktop-align-left","10":"tablet-align-left","11":"mobile-align-left","12":"fpd-variation-needed","14":"first","15":"instock","16":"taxable","17":"shipping-taxable","18":"purchasable","19":"product-type-simple"},"_links":{"self":[{"href":"https:\/\/gorillabox-shop.com\/es\/wp-json\/wp\/v2\/product\/6186","targetHints":{"allow":["GET"]}}],"collection":[{"href":"https:\/\/gorillabox-shop.com\/es\/wp-json\/wp\/v2\/product"}],"about":[{"href":"https:\/\/gorillabox-shop.com\/es\/wp-json\/wp\/v2\/types\/product"}],"wp:featuredmedia":[{"embeddable":true,"href":"https:\/\/gorillabox-shop.com\/es\/wp-json\/wp\/v2\/media\/6184"}],"wp:attachment":[{"href":"https:\/\/gorillabox-shop.com\/es\/wp-json\/wp\/v2\/media?parent=6186"}],"wp:term":[{"taxonomy":"product_brand","embeddable":true,"href":"https:\/\/gorillabox-shop.com\/es\/wp-json\/wp\/v2\/product_brand?post=6186"},{"taxonomy":"product_cat","embeddable":true,"href":"https:\/\/gorillabox-shop.com\/es\/wp-json\/wp\/v2\/product_cat?post=6186"},{"taxonomy":"product_tag","embeddable":true,"href":"https:\/\/gorillabox-shop.com\/es\/wp-json\/wp\/v2\/product_tag?post=6186"}],"curies":[{"name":"wp","href":"https:\/\/api.w.org\/{rel}","templated":true}]}}